{"id":10,"date":"2023-03-08T10:44:47","date_gmt":"2023-03-08T15:44:47","guid":{"rendered":"https:\/\/www.abogadosdetransporte.co\/landing\/?page_id=10"},"modified":"2023-03-16T14:01:08","modified_gmt":"2023-03-16T19:01:08","slug":"inicio","status":"publish","type":"page","link":"https:\/\/www.abogadosdetransporte.co\/landing\/","title":{"rendered":"Inicio"},"content":{"rendered":"\n<div class=\"wp-block-cover alignfull has-parallax is-repeated\" style=\"min-height:720px;aspect-ratio:unset;\"><span aria-hidden=\"true\" class=\"wp-block-cover__background has-background-dim-60 has-background-dim wp-block-cover__gradient-background has-background-gradient\" style=\"background:linear-gradient(135deg,rgb(238,238,238) 0%,rgb(0,0,0) 100%)\"><\/span><div role=\"img\" class=\"wp-block-cover__image-background wp-image-44 has-parallax is-repeated\" style=\"background-position:50% 50%;background-image:url(https:\/\/www.abogadosdetransporte.co\/landing\/wp-content\/uploads\/2023\/03\/pexels-marcin-jozwiak-2800121-scaled.jpg)\"><\/div><div class=\"wp-block-cover__inner-container is-layout-flow wp-block-cover-is-layout-flow\">\n<h2 class=\"has-text-align-center wp-block-heading\"><strong>Material did\u00e1ctico plataforma SIPLAFT<\/strong><\/h2>\n\n\n\n<div class=\"wp-block-columns is-layout-flex wp-container-core-columns-is-layout-28f84493 wp-block-columns-is-layout-flex\">\n<div class=\"wp-block-column is-layout-flow wp-block-column-is-layout-flow\">\n<p><strong>Material did\u00e1ctico para la actualizaci\u00f3n y correcto diligenciamiento del SIPLAFT (Es un\u00a0Sistema Integral para la Prevenci\u00f3n y Control del Lavado de Activos, la Financiaci\u00f3n del Terrorismo y el Financiamiento de la Proliferaci\u00f3n de Armas de Destrucci\u00f3n Masiva.)<\/strong><\/p>\n<\/div>\n\n\n\n<div class=\"wp-block-column is-layout-flow wp-block-column-is-layout-flow\">\n                <div class=\"ml-embedded\" data-form=\"UkMhJs\"><\/div>\n            \n<\/div>\n<\/div>\n\n\n\n<div class=\"wp-block-buttons is-content-justification-center is-layout-flex wp-container-core-buttons-is-layout-a89b3969 wp-block-buttons-is-layout-flex\"><\/div>\n<\/div><\/div>\n\n\n\n<div class=\"wp-block-group alignfull has-ast-global-color-5-background-color has-background is-layout-constrained wp-container-core-group-is-layout-9cedb757 wp-block-group-is-layout-constrained\" style=\"padding-bottom:0px\">\n<div class=\"inherit-container-width wp-block-group is-layout-constrained wp-block-group-is-layout-constrained\">\n<div class=\"wp-block-columns is-layout-flex wp-container-core-columns-is-layout-00723822 wp-block-columns-is-layout-flex\">\n<div class=\"wp-block-column is-vertically-aligned-center is-layout-constrained wp-container-core-column-is-layout-105570a8 wp-block-column-is-layout-constrained\">\n<h3 class=\"has-text-align-center wp-block-heading\" style=\"margin-top:16px\">Diligenciamiento SIPLAFT<\/h3>\n\n\n\n<p class=\"has-text-align-center\">Conoce todos los pasos y requisitos importantes para el correcto reporte de informaci\u00f3n.<\/p>\n<\/div>\n\n\n\n<div class=\"wp-block-column is-vertically-aligned-top is-layout-flow wp-container-core-column-is-layout-6b73ce23 wp-block-column-is-layout-flow\">\n<h3 class=\"has-text-align-center wp-block-heading\" style=\"margin-top:16px\">Agenda cita<\/h3>\n\n\n\n<p class=\"has-text-align-center\">Agenda cita con un especialista<\/p>\n\n\n\n<div class=\"wp-block-buttons is-content-justification-center is-layout-flex wp-container-core-buttons-is-layout-a89b3969 wp-block-buttons-is-layout-flex\">\n<div class=\"wp-block-button is-style-outline is-style-outline--1\" id=\"Pagina-web\"><a class=\"wp-block-button__link has-ast-global-color-6-background-color has-background wp-element-button\" href=\"https:\/\/www.abogadosdetransporte.co\/\" style=\"padding-top:var(--wp--preset--spacing--20);padding-right:var(--wp--preset--spacing--20);padding-bottom:var(--wp--preset--spacing--20);padding-left:var(--wp--preset--spacing--20)\" target=\"_blank\" rel=\"https:\/\/www.abogadosdetransporte.co\/ noopener\"><mark style=\"background-color:rgba(0, 0, 0, 0)\" class=\"has-inline-color has-ast-global-color-2-color\">Cont\u00e1ctenos<\/mark><\/a><\/div>\n<\/div>\n<\/div>\n<\/div>\n<\/div>\n<\/div>\n\n\n\n<div class=\"wp-block-group alignfull is-layout-constrained wp-container-core-group-is-layout-45b0ac4f wp-block-group-is-layout-constrained\" id=\"services\" style=\"padding-top:144px;padding-bottom:0px\">\n<h2 class=\"has-text-align-center wp-block-heading\">Nuestros servicios<\/h2>\n\n\n\n<div class=\"wp-block-columns is-layout-flex wp-container-core-columns-is-layout-60cbf9bb wp-block-columns-is-layout-flex\" style=\"margin-top:50px\">\n<div class=\"wp-block-column is-layout-flow wp-container-core-column-is-layout-6b73ce23 wp-block-column-is-layout-flow\">\n<figure class=\"wp-block-image size-large\"><img loading=\"lazy\" decoding=\"async\" width=\"1024\" height=\"682\" src=\"https:\/\/www.abogadosdetransporte.co\/landing\/wp-content\/uploads\/2023\/03\/production-gd90cc7f9b_1280-1024x682.jpg\" alt=\"\" class=\"wp-image-59\" srcset=\"https:\/\/www.abogadosdetransporte.co\/landing\/wp-content\/uploads\/2023\/03\/production-gd90cc7f9b_1280-1024x682.jpg 1024w, https:\/\/www.abogadosdetransporte.co\/landing\/wp-content\/uploads\/2023\/03\/production-gd90cc7f9b_1280-300x200.jpg 300w, https:\/\/www.abogadosdetransporte.co\/landing\/wp-content\/uploads\/2023\/03\/production-gd90cc7f9b_1280-768x512.jpg 768w, https:\/\/www.abogadosdetransporte.co\/landing\/wp-content\/uploads\/2023\/03\/production-gd90cc7f9b_1280.jpg 1280w\" sizes=\"auto, (max-width: 1024px) 100vw, 1024px\" \/><\/figure>\n\n\n\n<h3 class=\"has-text-align-center wp-block-heading\" style=\"margin-top:16px\">Asesor\u00eda Legal<\/h3>\n\n\n\n<p class=\"has-text-align-center\">Asesor\u00eda estrat\u00e9gica para la prevenci\u00f3n de litigios y eficiencia en la operaci\u00f3n de la compa\u00f1\u00eda.<\/p>\n<\/div>\n\n\n\n<div class=\"wp-block-column is-layout-flow wp-container-core-column-is-layout-6b73ce23 wp-block-column-is-layout-flow\">\n<figure class=\"wp-block-image size-large\"><img loading=\"lazy\" decoding=\"async\" width=\"1024\" height=\"683\" src=\"https:\/\/www.abogadosdetransporte.co\/landing\/wp-content\/uploads\/2023\/03\/charles-forerunner-3fPXt37X6UQ-unsplash-1024x683.jpg\" alt=\"\" class=\"wp-image-58\" srcset=\"https:\/\/www.abogadosdetransporte.co\/landing\/wp-content\/uploads\/2023\/03\/charles-forerunner-3fPXt37X6UQ-unsplash-1024x683.jpg 1024w, https:\/\/www.abogadosdetransporte.co\/landing\/wp-content\/uploads\/2023\/03\/charles-forerunner-3fPXt37X6UQ-unsplash-300x200.jpg 300w, https:\/\/www.abogadosdetransporte.co\/landing\/wp-content\/uploads\/2023\/03\/charles-forerunner-3fPXt37X6UQ-unsplash-768x512.jpg 768w, https:\/\/www.abogadosdetransporte.co\/landing\/wp-content\/uploads\/2023\/03\/charles-forerunner-3fPXt37X6UQ-unsplash-1536x1024.jpg 1536w, https:\/\/www.abogadosdetransporte.co\/landing\/wp-content\/uploads\/2023\/03\/charles-forerunner-3fPXt37X6UQ-unsplash-2048x1365.jpg 2048w\" sizes=\"auto, (max-width: 1024px) 100vw, 1024px\" \/><\/figure>\n\n\n\n<h3 class=\"has-text-align-center wp-block-heading\" style=\"margin-top:16px\">Auditor\u00eda Integral<\/h3>\n\n\n\n<p class=\"has-text-align-center\">El enfoque de la auditoria integral cubre funciones Administrativas, legales y operativas. Con base en la operaciones as\u00ed como procesos de la compa\u00f1\u00eda. <\/p>\n<\/div>\n\n\n\n<div class=\"wp-block-column is-layout-flow wp-container-core-column-is-layout-6b73ce23 wp-block-column-is-layout-flow\">\n<figure class=\"wp-block-image size-large\"><img loading=\"lazy\" decoding=\"async\" width=\"1024\" height=\"682\" src=\"https:\/\/www.abogadosdetransporte.co\/landing\/wp-content\/uploads\/2023\/03\/man-g15697f569_1280-1024x682.jpg\" alt=\"\" class=\"wp-image-60\" srcset=\"https:\/\/www.abogadosdetransporte.co\/landing\/wp-content\/uploads\/2023\/03\/man-g15697f569_1280-1024x682.jpg 1024w, https:\/\/www.abogadosdetransporte.co\/landing\/wp-content\/uploads\/2023\/03\/man-g15697f569_1280-300x200.jpg 300w, https:\/\/www.abogadosdetransporte.co\/landing\/wp-content\/uploads\/2023\/03\/man-g15697f569_1280-768x512.jpg 768w, https:\/\/www.abogadosdetransporte.co\/landing\/wp-content\/uploads\/2023\/03\/man-g15697f569_1280.jpg 1280w\" sizes=\"auto, (max-width: 1024px) 100vw, 1024px\" \/><\/figure>\n\n\n\n<h3 class=\"has-text-align-center wp-block-heading\" style=\"margin-top:16px\"> Contratos<\/h3>\n\n\n\n<p class=\"has-text-align-center\">Estructuraci\u00f3n de negocios y contratos. Dise\u00f1o legal, contractual y operacional para la contrataci\u00f3n de proveedores, conductores o aliados comerciales o industriales.<\/p>\n<\/div>\n<\/div>\n<\/div>\n\n\n\n<div class=\"wp-block-group alignfull has-ast-global-color-5-background-color has-background is-layout-constrained wp-container-core-group-is-layout-94d206d0 wp-block-group-is-layout-constrained\" id=\"about\" style=\"padding-top:143px;padding-bottom:144px\">\n<div class=\"wp-block-media-text has-media-on-the-right is-stacked-on-mobile is-vertically-aligned-center is-image-fill\"><div class=\"wp-block-media-text__content\">\n<div class=\"inherit-container-width wp-block-group is-layout-constrained wp-container-core-group-is-layout-47ce07ec wp-block-group-is-layout-constrained\" style=\"padding-right:80px\">\n<h2 class=\"wp-block-heading\" style=\"padding-right:40px\">Sobre AT Abogados de Transporte<\/h2>\n\n\n\n<p class=\"has-text-align-center\">Somos la primera firma especializada en Derecho del Transporte nacional e internacional, con m\u00e1s de 10 a\u00f1os de experiencia, prestando nuestros servicios a la industria de los transportadores, en especial a las empresas de Transporte Terrestre en todas sus modalidades y Mar\u00edtimo.<\/p>\n\n\n\n<p class=\"has-text-align-center\">Nuestros servicios nos posicionan como la mejor alternativa en el marco de la prevenci\u00f3n del riesgo, estructuraci\u00f3n de an\u00e1lisis jur\u00eddicos y estrategias de litigio del alto impacto.<\/p>\n\n\n\n<p class=\"has-text-align-center\">Somos su aliado estrat\u00e9gico.<\/p>\n<\/div>\n<\/div><figure class=\"wp-block-media-text__media\" style=\"background-image:url(https:\/\/www.abogadosdetransporte.co\/landing\/wp-content\/uploads\/2023\/03\/pexels-august-de-richelieu-4427814-1024x684.jpg);background-position:44% 49%\"><img loading=\"lazy\" decoding=\"async\" width=\"1024\" height=\"684\" src=\"https:\/\/www.abogadosdetransporte.co\/landing\/wp-content\/uploads\/2023\/03\/pexels-august-de-richelieu-4427814-1024x684.jpg\" alt=\"\" class=\"wp-image-70 size-full\" srcset=\"https:\/\/www.abogadosdetransporte.co\/landing\/wp-content\/uploads\/2023\/03\/pexels-august-de-richelieu-4427814-1024x684.jpg 1024w, https:\/\/www.abogadosdetransporte.co\/landing\/wp-content\/uploads\/2023\/03\/pexels-august-de-richelieu-4427814-300x200.jpg 300w, https:\/\/www.abogadosdetransporte.co\/landing\/wp-content\/uploads\/2023\/03\/pexels-august-de-richelieu-4427814-768x513.jpg 768w, https:\/\/www.abogadosdetransporte.co\/landing\/wp-content\/uploads\/2023\/03\/pexels-august-de-richelieu-4427814-1536x1025.jpg 1536w, https:\/\/www.abogadosdetransporte.co\/landing\/wp-content\/uploads\/2023\/03\/pexels-august-de-richelieu-4427814-2048x1367.jpg 2048w\" sizes=\"auto, (max-width: 1024px) 100vw, 1024px\" \/><\/figure><\/div>\n<\/div>\n\n\n\n<h2 class=\"has-text-align-center wp-block-heading\">Algunos de nuestros clientes<\/h2>\n\n\n\n<div class=\"inherit-container-width wp-block-group alignfull is-layout-constrained wp-block-group-is-layout-constrained\">\n<div class=\"wp-block-media-text alignwide is-stacked-on-mobile\" style=\"grid-template-columns:15% auto\"><figure class=\"wp-block-media-text__media\"><img loading=\"lazy\" decoding=\"async\" width=\"194\" height=\"100\" src=\"https:\/\/www.abogadosdetransporte.co\/landing\/wp-content\/uploads\/2023\/03\/Logo_Estelar3.png\" alt=\"\" class=\"wp-image-73 size-full\"\/><\/figure><div class=\"wp-block-media-text__content\">\n<p>Se ha caracterizado desde sus inicios por la b\u00fasqueda incansable de la excelencia; brindando el mejor apoyo siendo nuestros aliados por su experiencia y amplio manejo en el sector del transporte.<\/p>\n<\/div><\/div>\n\n\n\n<div class=\"wp-block-media-text alignwide is-stacked-on-mobile\" style=\"grid-template-columns:15% auto\"><figure class=\"wp-block-media-text__media\"><img loading=\"lazy\" decoding=\"async\" width=\"150\" height=\"60\" src=\"https:\/\/www.abogadosdetransporte.co\/landing\/wp-content\/uploads\/2023\/03\/logo-forward.png\" alt=\"\" class=\"wp-image-75 size-full\"\/><\/figure><div class=\"wp-block-media-text__content\">\n<p>Siempre han tenido como finalidad suplir las necesidades y requerimientos de mis empresas de transporte legales, con el fin de hacer gestiones y tr\u00e1mites ante las instituciones gubernamentales como el Ministerio de Transporte generando seguridad y confianza de los usuarios.<\/p>\n<\/div><\/div>\n\n\n\n<div class=\"wp-block-media-text alignwide is-stacked-on-mobile\" style=\"grid-template-columns:15% auto\"><figure class=\"wp-block-media-text__media\"><img loading=\"lazy\" decoding=\"async\" width=\"150\" height=\"60\" src=\"https:\/\/www.abogadosdetransporte.co\/landing\/wp-content\/uploads\/2023\/03\/logo-transprensa.png\" alt=\"\" class=\"wp-image-110 size-full\"\/><\/figure><div class=\"wp-block-media-text__content\">\n<p>Revisan que toda la documentaci\u00f3n en cuanto a contrataci\u00f3n sea de manera r\u00e1pida y eficaz, siempre se desempe\u00f1an de la mejor manera para generar resultados \u00f3ptimos en las empresas. No obstante se capacitan y tecnifican cada d\u00eda m\u00e1s.<\/p>\n<\/div><\/div>\n<\/div>\n\n\n\n<p><\/p>\n","protected":false},"excerpt":{"rendered":"<p>Diligenciamiento SIPLAFT Conoce todos los pasos y requisitos importantes para el correcto reporte de informaci\u00f3n. Agenda cita Agenda cita con un especialista Nuestros servicios Asesor\u00eda Legal Asesor\u00eda estrat\u00e9gica para la prevenci\u00f3n de litigios y eficiencia en la operaci\u00f3n de la compa\u00f1\u00eda. Auditor\u00eda Integral El enfoque de la auditoria integral cubre funciones Administrativas, legales y operativas. &hellip;<\/p>\n<p class=\"read-more\"> <a class=\"\" href=\"https:\/\/www.abogadosdetransporte.co\/landing\/\"> <span class=\"screen-reader-text\">Inicio<\/span> Leer m\u00e1s &raquo;<\/a><\/p>\n","protected":false},"author":1,"featured_media":0,"parent":0,"menu_order":0,"comment_status":"closed","ping_status":"closed","template":"","meta":{"site-sidebar-layout":"no-sidebar","site-content-layout":"plain-container","ast-global-header-display":"","ast-main-header-display":"","ast-hfb-above-header-display":"","ast-hfb-below-header-display":"","ast-hfb-mobile-header-display":"","site-post-title":"disabled","ast-breadcrumbs-content":"","ast-featured-img":"","footer-sml-layout":"","theme-transparent-header-meta":"enabled","adv-header-id-meta":"","stick-header-meta":"","header-above-stick-meta":"","header-main-stick-meta":"","header-below-stick-meta":"","footnotes":""},"class_list":["post-10","page","type-page","status-publish","hentry"],"_links":{"self":[{"href":"https:\/\/www.abogadosdetransporte.co\/landing\/wp-json\/wp\/v2\/pages\/10","targetHints":{"allow":["GET"]}}],"collection":[{"href":"https:\/\/www.abogadosdetransporte.co\/landing\/wp-json\/wp\/v2\/pages"}],"about":[{"href":"https:\/\/www.abogadosdetransporte.co\/landing\/wp-json\/wp\/v2\/types\/page"}],"author":[{"embeddable":true,"href":"https:\/\/www.abogadosdetransporte.co\/landing\/wp-json\/wp\/v2\/users\/1"}],"replies":[{"embeddable":true,"href":"https:\/\/www.abogadosdetransporte.co\/landing\/wp-json\/wp\/v2\/comments?post=10"}],"version-history":[{"count":45,"href":"https:\/\/www.abogadosdetransporte.co\/landing\/wp-json\/wp\/v2\/pages\/10\/revisions"}],"predecessor-version":[{"id":142,"href":"https:\/\/www.abogadosdetransporte.co\/landing\/wp-json\/wp\/v2\/pages\/10\/revisions\/142"}],"wp:attachment":[{"href":"https:\/\/www.abogadosdetransporte.co\/landing\/wp-json\/wp\/v2\/media?parent=10"}],"curies":[{"name":"wp","href":"https:\/\/api.w.org\/{rel}","templated":true}]}}